{"id":44,"date":"2021-04-29T23:14:01","date_gmt":"2021-04-29T22:14:01","guid":{"rendered":"http:\/\/www.ntlog.at\/?page_id=44"},"modified":"2021-05-01T02:03:11","modified_gmt":"2021-05-01T01:03:11","slug":"paketversand","status":"publish","type":"page","link":"http:\/\/www.ntlog.at\/?page_id=44","title":{"rendered":"PAKETVERSAND"},"content":{"rendered":"\n<p>Wir bieten branchenorientierte L\u00f6sungen, Terminzustellungen und vieles mehr&#8230;<\/p>\n\n\n\n<p><\/p>\n\n\n\n<p><\/p>\n\n\n\n<div class=\"wp-block-media-text alignwide is-stacked-on-mobile\" style=\"grid-template-columns:44% auto\"><figure class=\"wp-block-media-text__media\"><img loading=\"lazy\" decoding=\"async\" width=\"1024\" height=\"768\" src=\"http:\/\/www.ntlog.at\/wp-content\/uploads\/2021\/05\/NT-Log-Paketversand-1024x768.jpg\" alt=\"\" class=\"wp-image-226 size-large\" srcset=\"http:\/\/www.ntlog.at\/wp-content\/uploads\/2021\/05\/NT-Log-Paketversand-1024x768.jpg 1024w, http:\/\/www.ntlog.at\/wp-content\/uploads\/2021\/05\/NT-Log-Paketversand-300x225.jpg 300w, http:\/\/www.ntlog.at\/wp-content\/uploads\/2021\/05\/NT-Log-Paketversand-768x576.jpg 768w, http:\/\/www.ntlog.at\/wp-content\/uploads\/2021\/05\/NT-Log-Paketversand.jpg 1050w\" sizes=\"auto, (max-width: 1024px) 100vw, 1024px\" \/><\/figure><div class=\"wp-block-media-text__content\">\n<h2 class=\"wp-block-heading\">Optimierter Paketversand f\u00fcr Unternehmen<\/h2>\n\n\n\n<p>Wir bieten branchenorientierte L\u00f6sungen:<\/p>\n\n\n\n<ul class=\"wp-block-list\"><li>Sonderangebote f\u00fcr Start-Ups<\/li><li>Terminzustellungen national <\/li><li>Spezialisierung auf Gebiet S\u00fcdtirol<\/li><li>Eilzustellungen von Dokumenten mit Best\u00e4tigung<\/li><li>Warenlieferung zu Firmen- oder Privatadresse<\/li><li>Hauspost &amp; Austausch zwischen Filialen<\/li><li>Transfer von Buchhaltungs-Ordnern<\/li><li>Vom Zahnarzt zum Zahnlabor und retour<\/li><li>und vieles mehr&#8230;<\/li><\/ul>\n<\/div><\/div>\n\n\n\n<div class=\"wp-block-contact-form-7-contact-form-selector\"><div role=\"form\" class=\"wpcf7\" id=\"wpcf7-f35-o1\" lang=\"de-DE\" dir=\"ltr\">\n<div class=\"screen-reader-response\"><p role=\"status\" aria-live=\"polite\" aria-atomic=\"true\"><\/p> <ul><\/ul><\/div>\n<form action=\"\/index.php?rest_route=%2Fwp%2Fv2%2Fpages%2F44#wpcf7-f35-o1\" method=\"post\" class=\"wpcf7-form init\" novalidate=\"novalidate\" data-status=\"init\">\n<div style=\"display: none;\">\n<input type=\"hidden\" name=\"_wpcf7\" value=\"35\" \/>\n<input type=\"hidden\" name=\"_wpcf7_version\" value=\"5.4.1\" \/>\n<input type=\"hidden\" name=\"_wpcf7_locale\" value=\"de_DE\" \/>\n<input type=\"hidden\" name=\"_wpcf7_unit_tag\" value=\"wpcf7-f35-o1\" \/>\n<input type=\"hidden\" name=\"_wpcf7_container_post\" value=\"0\" \/>\n<input type=\"hidden\" name=\"_wpcf7_posted_data_hash\" value=\"\" \/>\n<\/div>\n<p><label> Name<br \/>\n    <span class=\"wpcf7-form-control-wrap your-name\"><input type=\"text\" name=\"your-name\" value=\"\" size=\"40\" class=\"wpcf7-form-control wpcf7-text wpcf7-validates-as-required\" aria-required=\"true\" aria-invalid=\"false\" \/><\/span> <\/label><\/p>\n<p><label> E-Mail-Adresse<br \/>\n    <span class=\"wpcf7-form-control-wrap your-email\"><input type=\"email\" name=\"your-email\" value=\"\" size=\"40\" class=\"wpcf7-form-control wpcf7-text wpcf7-email wpcf7-validates-as-required wpcf7-validates-as-email\" aria-required=\"true\" aria-invalid=\"false\" \/><\/span> <\/label><\/p>\n<p><label> Betreff<br \/>\n    <span class=\"wpcf7-form-control-wrap your-subject\"><input type=\"text\" name=\"your-subject\" value=\"\" size=\"40\" class=\"wpcf7-form-control wpcf7-text wpcf7-validates-as-required\" aria-required=\"true\" aria-invalid=\"false\" \/><\/span> <\/label><\/p>\n<p><label> Nachricht<br \/>\n    <span class=\"wpcf7-form-control-wrap your-message\"><textarea name=\"your-message\" cols=\"40\" rows=\"10\" class=\"wpcf7-form-control wpcf7-textarea\" aria-invalid=\"false\"><\/textarea><\/span> <\/label><\/p>\n<p><input type=\"submit\" value=\"Senden\" class=\"wpcf7-form-control wpcf7-submit\" \/><\/p>\n<div class=\"wpcf7-response-output\" aria-hidden=\"true\"><\/div><\/form><\/div><\/div>\n","protected":false},"excerpt":{"rendered":"<p>Wir bieten branchenorientierte L\u00f6sungen, Terminzustellungen und vieles mehr&#8230; Optimierter Paketversand f\u00fcr Unternehmen Wir bieten branchenorientierte L\u00f6sungen: Sonderangebote f\u00fcr Start-Ups Terminzustellungen national Spezialisierung auf Gebiet S\u00fcdtirol Eilzustellungen von Dokumenten mit Best\u00e4tigung Warenlieferung zu Firmen- oder Privatadresse Hauspost &amp; Austausch zwischen Filialen Transfer von Buchhaltungs-Ordnern Vom Zahnarzt zum Zahnlabor und retour und vieles mehr&#8230;<\/p>\n","protected":false},"author":1,"featured_media":168,"parent":0,"menu_order":0,"comment_status":"closed","ping_status":"closed","template":"","meta":{"footnotes":""},"class_list":["post-44","page","type-page","status-publish","has-post-thumbnail","hentry"],"_links":{"self":[{"href":"http:\/\/www.ntlog.at\/index.php?rest_route=\/wp\/v2\/pages\/44","targetHints":{"allow":["GET"]}}],"collection":[{"href":"http:\/\/www.ntlog.at\/index.php?rest_route=\/wp\/v2\/pages"}],"about":[{"href":"http:\/\/www.ntlog.at\/index.php?rest_route=\/wp\/v2\/types\/page"}],"author":[{"embeddable":true,"href":"http:\/\/www.ntlog.at\/index.php?rest_route=\/wp\/v2\/users\/1"}],"replies":[{"embeddable":true,"href":"http:\/\/www.ntlog.at\/index.php?rest_route=%2Fwp%2Fv2%2Fcomments&post=44"}],"version-history":[{"count":9,"href":"http:\/\/www.ntlog.at\/index.php?rest_route=\/wp\/v2\/pages\/44\/revisions"}],"predecessor-version":[{"id":234,"href":"http:\/\/www.ntlog.at\/index.php?rest_route=\/wp\/v2\/pages\/44\/revisions\/234"}],"wp:featuredmedia":[{"embeddable":true,"href":"http:\/\/www.ntlog.at\/index.php?rest_route=\/wp\/v2\/media\/168"}],"wp:attachment":[{"href":"http:\/\/www.ntlog.at\/index.php?rest_route=%2Fwp%2Fv2%2Fmedia&parent=44"}],"curies":[{"name":"wp","href":"https:\/\/api.w.org\/{rel}","templated":true}]}}