{"id":42,"date":"2021-04-29T23:13:13","date_gmt":"2021-04-29T22:13:13","guid":{"rendered":"http:\/\/www.ntlog.at\/?page_id=42"},"modified":"2021-05-01T01:48:51","modified_gmt":"2021-05-01T00:48:51","slug":"stueckgutsendungen","status":"publish","type":"page","link":"http:\/\/www.ntlog.at\/?page_id=42","title":{"rendered":"ST\u00dcCKGUT"},"content":{"rendered":"\n<p>Wir bewegen Paletten in ganz Europa&#8230;<\/p>\n\n\n\n<div class=\"wp-block-media-text alignwide is-stacked-on-mobile is-image-fill\" style=\"grid-template-columns:46% auto\"><figure class=\"wp-block-media-text__media\" style=\"background-image:url(http:\/\/www.ntlog.at\/wp-content\/uploads\/2021\/05\/NTLog-Stueckgut-2.jpg);background-position:50% 50%\"><img loading=\"lazy\" decoding=\"async\" width=\"550\" height=\"413\" src=\"http:\/\/www.ntlog.at\/wp-content\/uploads\/2021\/05\/NTLog-Stueckgut-2.jpg\" alt=\"\" class=\"wp-image-220 size-full\" srcset=\"http:\/\/www.ntlog.at\/wp-content\/uploads\/2021\/05\/NTLog-Stueckgut-2.jpg 550w, http:\/\/www.ntlog.at\/wp-content\/uploads\/2021\/05\/NTLog-Stueckgut-2-300x225.jpg 300w\" sizes=\"auto, (max-width: 550px) 100vw, 550px\" \/><\/figure><div class=\"wp-block-media-text__content\">\n<h2 class=\"wp-block-heading\" style=\"font-size:31px\">Wir bieten alles aus einer Hand<\/h2>\n\n\n\n<p class=\"has-black-color has-text-color\">Wir bieten den Transport und die Abwicklung von Ihrem Kleinpaket bis zur Komplettladung:<\/p>\n\n\n\n<ul class=\"has-black-color has-text-color wp-block-list\"><li>Flexible und individuelle&nbsp;Branchenl\u00f6sungen<\/li><li>Stringente Produktivit\u00e4ts und&nbsp;Qualit\u00e4tsmessung<\/li><li>Umfassendes Transportnetzwerk&nbsp;mit eigenen&nbsp;Kooperationspartner<\/li><li>Netzwerkprodukte mit&nbsp;garantierten Laufzeiten&nbsp;und t\u00e4glichen Abfahrten&nbsp;\u00f6sterreichweit<br><br><\/li><\/ul>\n<\/div><\/div>\n\n\n\n<hr class=\"wp-block-separator\"\/>\n\n\n\n<figure class=\"wp-block-table is-style-stripes\"><table class=\"has-fixed-layout\"><thead><tr><th class=\"has-text-align-left\" data-align=\"left\" scope=\"col\"><span class=\"has-inline-color has-vivid-red-color\">UNSERE LEISTUNGEN<\/span><\/th><th scope=\"col\">&nbsp;<\/th><\/tr><\/thead><tbody><tr><td class=\"has-text-align-left\" data-align=\"left\">Abmessungen eines<br>Frachtst\u00fcckes<\/td><td>Max. L\u00e4nge 6 m<br>Max. H\u00f6he 2,20 m<br>dar\u00fcber hinausgehend<br>auf Anfrage<\/td><\/tr><tr><td class=\"has-text-align-left\" data-align=\"left\">Frachtst\u00fcck Gewicht<\/td><td>Max. 1.000 kg<\/td><\/tr><tr><td class=\"has-text-align-left\" data-align=\"left\">Gefahrgutbef\u00f6rderung<br>(RID \/ ADR)<\/td><td>Ja, innerhalb 48 h<\/td><\/tr><tr><td class=\"has-text-align-left\" data-align=\"left\">Lademitteltausch<\/td><td>Ja, EUR-Lademittel<\/td><\/tr><tr><td class=\"has-text-align-left\" data-align=\"left\">Nachnahme<\/td><td>Ja<\/td><\/tr><tr><td class=\"has-text-align-left\" data-align=\"left\">Langgut ab 2,4 m<\/td><td>Ja, innerhalb 48 h<\/td><\/tr><tr><td class=\"has-text-align-left\" data-align=\"left\">Avisierung<\/td><td>Ja<\/td><\/tr><tr><td class=\"has-text-align-left\" data-align=\"left\">Terminank\u00fcndigungen<\/td><td>Ja<\/td><\/tr><\/tbody><\/table><\/figure>\n","protected":false},"excerpt":{"rendered":"<p>Wir bewegen Paletten in ganz Europa&#8230; Wir bieten alles aus einer Hand Wir bieten den Transport und die Abwicklung von Ihrem Kleinpaket bis zur Komplettladung: Flexible und individuelle&nbsp;Branchenl\u00f6sungen Stringente Produktivit\u00e4ts und&nbsp;Qualit\u00e4tsmessung Umfassendes Transportnetzwerk&nbsp;mit eigenen&nbsp;Kooperationspartner Netzwerkprodukte mit&nbsp;garantierten Laufzeiten&nbsp;und t\u00e4glichen Abfahrten&nbsp;\u00f6sterreichweit UNSERE LEISTUNGEN &nbsp; Abmessungen einesFrachtst\u00fcckes Max. L\u00e4nge 6 mMax. H\u00f6he 2,20 mdar\u00fcber hinausgehendauf Anfrage Frachtst\u00fcck Gewicht [&hellip;]<\/p>\n","protected":false},"author":1,"featured_media":166,"parent":0,"menu_order":0,"comment_status":"closed","ping_status":"closed","template":"","meta":{"footnotes":""},"class_list":["post-42","page","type-page","status-publish","has-post-thumbnail","hentry"],"_links":{"self":[{"href":"http:\/\/www.ntlog.at\/index.php?rest_route=\/wp\/v2\/pages\/42","targetHints":{"allow":["GET"]}}],"collection":[{"href":"http:\/\/www.ntlog.at\/index.php?rest_route=\/wp\/v2\/pages"}],"about":[{"href":"http:\/\/www.ntlog.at\/index.php?rest_route=\/wp\/v2\/types\/page"}],"author":[{"embeddable":true,"href":"http:\/\/www.ntlog.at\/index.php?rest_route=\/wp\/v2\/users\/1"}],"replies":[{"embeddable":true,"href":"http:\/\/www.ntlog.at\/index.php?rest_route=%2Fwp%2Fv2%2Fcomments&post=42"}],"version-history":[{"count":14,"href":"http:\/\/www.ntlog.at\/index.php?rest_route=\/wp\/v2\/pages\/42\/revisions"}],"predecessor-version":[{"id":224,"href":"http:\/\/www.ntlog.at\/index.php?rest_route=\/wp\/v2\/pages\/42\/revisions\/224"}],"wp:featuredmedia":[{"embeddable":true,"href":"http:\/\/www.ntlog.at\/index.php?rest_route=\/wp\/v2\/media\/166"}],"wp:attachment":[{"href":"http:\/\/www.ntlog.at\/index.php?rest_route=%2Fwp%2Fv2%2Fmedia&parent=42"}],"curies":[{"name":"wp","href":"https:\/\/api.w.org\/{rel}","templated":true}]}}